{"id":2,"date":"2016-07-19T02:05:18","date_gmt":"2016-07-19T02:05:18","guid":{"rendered":"http:\/\/totaltheme.wpengine.com\/landscaping\/?page_id=2"},"modified":"2020-06-15T08:49:30","modified_gmt":"2020-06-15T08:49:30","slug":"home","status":"publish","type":"page","link":"https:\/\/www.keepwater.cz\/","title":{"rendered":"Dom\u016f"},"content":{"rendered":"[vc_row full_width=&#8220;stretch_row_content&#8220; column_spacing=&#8220;40&#8243; full_height=&#8220;yes&#8220; columns_placement=&#8220;top&#8220; wpex_bg_overlay=&#8220;dark&#8220; css=&#8220;.vc_custom_1539612085599{padding-top: 100px !important;padding-bottom: 90px !important;background: #275304 url(http:\/\/www.keepwater.cz\/wp-content\/uploads\/2016\/07\/obr-1.jpg?id=86) !important;background-position: center !important;background-repeat: no-repeat !important;background-size: cover !important;}&#8220; wpex_bg_overlay_color=&#8220;rgba(58,58,58,0.65)&#8220;][vc_column 0=&#8220;&#8220;]<h2 class=\"vcex-module vcex-heading vcex-heading-plain\" style=\"color:#ffffff;font-size:52px;font-weight:700;text-align:center;\"><span class=\"vcex-heading-inner clr\">P\u0159ipravte se na sucho,<br \/>\nvyu\u017e\u00edvejte efektivn\u011b de\u0161\u0165ovou vodu<\/span><\/h2><div class=\"vcex-spacing\" style=\"height:10px\"><\/div>[vc_column_text color=&#8220;#ffffff&#8220; font_size=&#8220;20&#8243;]\n<p style=\"text-align: center;\">Je to snadn\u00e9! Zrealizujte s n\u00e1mi n\u011bkter\u00fd ze syst\u00e9m\u016f na vyu\u017eit\u00ed de\u0161\u0165ov\u00e9 vody.<\/p>\n[\/vc_column_text]<div class=\"vcex-spacing\" style=\"height:30px\"><\/div><div class=\"textcenter theme-button-wrap clr\"><a href=\"http:\/\/www.keepwater.cz\/index.php\/contact\/\" title=\"Poptat nab\u00eddku\" class=\"vcex-button theme-button align-center animate-on-hover local-scroll-link wpex-data-hover\" style=\"background:#ffffff;color:#6da716;font-size:18px;font-weight:600;\" data-hover-background=\"#6da716\" data-hover-color=\"#ffffff\"><span class=\"theme-button-inner\">Poptat nez\u00e1vaznou nab\u00eddku<span class=\"vcex-icon-wrap theme-button-icon-right\"><span class=\"fa fa-chevron-circle-right\"><\/span><\/span><\/span><\/a><\/div> [\/vc_column][\/vc_row][vc_row full_width=&#8220;stretch_row&#8220; visibility=&#8220;visible-desktop&#8220; css=&#8220;.vc_custom_1539598937623{padding-top: 0px !important;padding-bottom: 20px !important;background-position: center !important;background-repeat: no-repeat !important;background-size: cover !important;}&#8220;][vc_column 0=&#8220;&#8220;]<div class=\"vcex-spacing\" style=\"height:50px\"><\/div>[vc_row_inner][vc_column_inner width=&#8220;1\/3&#8243;]<div class=\"vcex-module vcex-icon-box clr vcex-icon-box-two \"><div class=\"vcex-icon-box-icon\" style=\"color:#136ebf;font-size:50px;\"><span class=\"vc-oi vc-oi-umbrella\"><\/span><\/div><h2 class=\"vcex-icon-box-heading\" style=\"color:#727272;font-size:20px;\">Zajist\u00edme dotace z programu de\u0161\u0165ovka i OP\u017dP pro ob\u010dany a ve\u0159ejn\u00e9 subjekty<\/h2><\/div>[\/vc_column_inner][vc_column_inner width=&#8220;1\/3&#8243;]<div class=\"vcex-module vcex-icon-box clr vcex-icon-box-two \"><div class=\"vcex-icon-box-icon\" style=\"color:#136ebf;font-size:50px;\"><span class=\"entypo-icon entypo-icon-thumbs-up\"><\/span><\/div><h2 class=\"vcex-icon-box-heading\" style=\"color:#727272;font-size:20px;\">Navrhneme nejlep\u0161\u00ed \u0159e\u0161en\u00ed podle va\u0161ich po\u017eadavk\u016f<\/h2><\/div>[\/vc_column_inner][vc_column_inner width=&#8220;1\/3&#8243;]<div class=\"vcex-module vcex-icon-box clr vcex-icon-box-two \"><div class=\"vcex-icon-box-icon\" style=\"color:#136ebf;font-size:50px;\"><span class=\"entypo-icon entypo-icon-cw\"><\/span><\/div><h2 class=\"vcex-icon-box-heading\" style=\"color:#727272;font-size:20px;\">Projekt kompletn\u011b zrealizujeme<\/h2><\/div>[\/vc_column_inner][\/vc_row_inner]<div class=\"vcex-spacing\" style=\"height:30px\"><\/div>[vc_column_text 0=&#8220;&#8220;]\n<p style=\"text-align: center;\"><span style=\"font-size: 21px;\"><strong>Dotace pro ob\u010dany<\/strong><\/span><\/p>\n[\/vc_column_text][\/vc_column][\/vc_row][vc_row column_spacing=&#8220;0px&#8220; gap=&#8220;30&#8243; css=&#8220;.vc_custom_1539591956413{padding-bottom: 80px !important;}&#8220;][vc_column width=&#8220;1\/3&#8243; css=&#8220;.vc_custom_1539592020914{border-top-width: 3px !important;border-right-width: 3px !important;border-bottom-width: 3px !important;border-left-width: 3px !important;border-left-color: #6da716 !important;border-left-style: solid !important;border-right-color: #6da716 !important;border-right-style: solid !important;border-top-color: #6da716 !important;border-top-style: solid !important;border-bottom-color: #6da716 !important;border-bottom-style: solid !important;border-radius: 10px !important;}&#8220;][vc_column_text css=&#8220;.vc_custom_1538728773334{padding-top: 10px !important;padding-bottom: 10px !important;background-color: #6da716 !important;}&#8220;]\n<p style=\"text-align: center;\"><span class=\"white-text\" style=\"font-size: 24px;\">Z\u00e1livka zahrady<\/span><\/p>\n[\/vc_column_text][vc_column_text css=&#8220;.vc_custom_1539599967579{padding-top: 20px !important;padding-bottom: 20px !important;}&#8220; line_height=&#8220;5px&#8220;]\n<p style=\"text-align: center;\"><strong>Vyu\u017eit\u00ed De\u0161\u0165ov\u00e9 vody<\/strong><\/p>\n<p style=\"text-align: center;\"><strong>pro z\u00e1livku zahrady<\/strong><\/p>\n<p>&nbsp;<\/p>\n<p style=\"text-align: center;\">Dotace a\u017e 55 000 K\u010d<\/p>\n<p style=\"text-align: center;\"><span style=\"font-weight: 400;\">Cena syst\u00e9mu od 40 000 K\u010d bez realizace<\/span><\/p>\n[\/vc_column_text][\/vc_column][vc_column width=&#8220;1\/3&#8243; css=&#8220;.vc_custom_1468958081317{border: 3px solid #6da716 !important;border-radius: 10px !important;}&#8220;][vc_column_text css=&#8220;.vc_custom_1538729015782{padding-top: 10px !important;padding-bottom: 10px !important;background-color: #6da716 !important;}&#8220;]\n<p style=\"text-align: center;\"><span class=\"white-text\" style=\"font-size: 24px;\">Splachov\u00e1n\u00ed a z\u00e1livka<\/span><\/p>\n[\/vc_column_text][vc_column_text css=&#8220;.vc_custom_1539599993717{padding-top: 20px !important;padding-bottom: 20px !important;}&#8220; line_height=&#8220;5px&#8220;]\n<p style=\"text-align: center;\"><strong>Vyu\u017eit\u00ed de\u0161\u0165ov\u00e9 vody<\/strong><\/p>\n<p style=\"text-align: center;\"><strong>na splachov\u00e1n\u00ed a z\u00e1livku<\/strong><\/p>\n<p>&nbsp;<\/p>\n<p style=\"text-align: center;\">Dotace a\u017e 65 000 K\u010d<\/p>\n<p style=\"text-align: center;\"><span style=\"font-weight: 400;\">Cena syst\u00e9mu od 60 000 K\u010d bez realizace<\/span><\/p>\n[\/vc_column_text][\/vc_column][vc_column width=&#8220;1\/3&#8243; css=&#8220;.vc_custom_1468957766190{border-top-width: 3px !important;border-right-width: 3px !important;border-bottom-width: 3px !important;border-left-width: 3px !important;border-left-color: #6da716 !important;border-left-style: solid !important;border-right-color: #6da716 !important;border-right-style: solid !important;border-top-color: #6da716 !important;border-top-style: solid !important;border-bottom-color: #6da716 !important;border-bottom-style: solid !important;border-radius: 10px !important;}&#8220;][vc_column_text css=&#8220;.vc_custom_1538729227910{padding-top: 10px !important;padding-bottom: 10px !important;background-color: #6da716 !important;}&#8220;]\n<p style=\"text-align: center;\"><span class=\"white-text\" style=\"font-size: 24px;\">\u0160ed\u00e1 odpadn\u00ed voda<\/span><\/p>\n[\/vc_column_text][vc_column_text css=&#8220;.vc_custom_1539600007939{padding-top: 20px !important;padding-bottom: 20px !important;}&#8220; line_height=&#8220;5px&#8220;]\n<p style=\"text-align: center;\"><strong>Vyu\u017eit\u00ed \u0161ed\u00e9 odpadn\u00ed a de\u0161\u0165ov\u00e9 vody<\/strong><\/p>\n<p style=\"text-align: center;\"><strong>na zahrad\u011b i v dom\u011b<\/strong><\/p>\n<p>&nbsp;<\/p>\n<p style=\"text-align: center;\">Dotace a\u017e 105 000 K\u010d<\/p>\n<p style=\"text-align: center;\"><span style=\"font-weight: 400;\">Cena syst\u00e9mu od 110 000 K\u010d bez realizace<\/span><\/p>\n[\/vc_column_text][\/vc_column][vc_column 0=&#8220;&#8220;][\/vc_column][\/vc_row][vc_row][vc_column][vc_column_text]\n<p style=\"text-align: center;\"><span style=\"font-size: 21px;\"><strong>Dotace pro ve\u0159ejn\u00e9 subjekty<\/strong><\/span><\/p>\n[\/vc_column_text][\/vc_column][\/vc_row][vc_row column_spacing=&#8220;0px&#8220; gap=&#8220;30&#8243; css=&#8220;.vc_custom_1539591956413{padding-bottom: 80px !important;}&#8220;][vc_column width=&#8220;1\/3&#8243; css=&#8220;.vc_custom_1539592020914{border-top-width: 3px !important;border-right-width: 3px !important;border-bottom-width: 3px !important;border-left-width: 3px !important;border-left-color: #6da716 !important;border-left-style: solid !important;border-right-color: #6da716 !important;border-right-style: solid !important;border-top-color: #6da716 !important;border-top-style: solid !important;border-bottom-color: #6da716 !important;border-bottom-style: solid !important;border-radius: 10px !important;}&#8220;][vc_column_text css=&#8220;.vc_custom_1592203307873{padding-top: 10px !important;padding-bottom: 10px !important;background-color: #6da716 !important;}&#8220;]\n<p style=\"text-align: center;\"><span class=\"white-text\" style=\"font-size: 24px;\">Akumulace de\u0161\u0165ov\u00e9 vody na z\u00e1livku (p\u0159\u00edp. i WC)<\/span><\/p>\n[\/vc_column_text][vc_column_text css=&#8220;.vc_custom_1592203467098{padding-top: 20px !important;padding-bottom: 20px !important;}&#8220; line_height=&#8220;5px&#8220;]\n<p style=\"text-align: center;\"><strong>Dotace na po\u0159\u00edzen\u00ed akumula\u010dn\u00edch n\u00e1dr\u017e\u00ed <\/strong><\/p>\n<p style=\"text-align: center;\"><strong>na zal\u00e9v\u00e1n\u00ed zahrady v\u010d. stavebn\u00edch <\/strong><\/p>\n<p style=\"text-align: center;\"><strong>prac\u00ed a rozvod\u016f<\/strong><\/p>\n<p>&nbsp;<\/p>\n<p style=\"text-align: center;\">Dotace a\u017e 85 %<\/p>\n[\/vc_column_text][\/vc_column][vc_column width=&#8220;1\/3&#8243; css=&#8220;.vc_custom_1468958081317{border: 3px solid #6da716 !important;border-radius: 10px !important;}&#8220;][vc_column_text css=&#8220;.vc_custom_1592203697715{padding-top: 10px !important;padding-bottom: 10px !important;background-color: #6da716 !important;}&#8220;]\n<p style=\"text-align: center;\"><span class=\"white-text\" style=\"font-size: 24px;\">P\u0159em\u011bna nepropustn\u00fdch povrch\u016f za propustn\u00e9 <\/span><span class=\"white-text\" style=\"font-size: 24px;\">a vsakovac\u00ed syst\u00e9my s reten\u010dn\u00edm prostorem<\/span><\/p>\n[\/vc_column_text][vc_column_text css=&#8220;.vc_custom_1592203671755{padding-top: 20px !important;padding-bottom: 20px !important;}&#8220; line_height=&#8220;5px&#8220;]\n<p style=\"text-align: center;\"><strong>Dotace na rekonstrukci zpevn\u011bn\u00fdch ploch <\/strong><\/p>\n<p style=\"text-align: center;\"><strong>a na \u0159e\u0161en\u00ed zasakov\u00e1n\u00ed de\u0161\u0165. vody<\/strong><\/p>\n<p>&nbsp;<\/p>\n<p style=\"text-align: center;\">Dotace a\u017e 85 %<\/p>\n[\/vc_column_text][\/vc_column][vc_column width=&#8220;1\/3&#8243; css=&#8220;.vc_custom_1468957766190{border-top-width: 3px !important;border-right-width: 3px !important;border-bottom-width: 3px !important;border-left-width: 3px !important;border-left-color: #6da716 !important;border-left-style: solid !important;border-right-color: #6da716 !important;border-right-style: solid !important;border-top-color: #6da716 !important;border-top-style: solid !important;border-bottom-color: #6da716 !important;border-bottom-style: solid !important;border-radius: 10px !important;}&#8220;][vc_column_text css=&#8220;.vc_custom_1592204191938{padding-top: 10px !important;padding-bottom: 10px !important;background-color: #6da716 !important;}&#8220;]\n<p style=\"text-align: center;\"><span class=\"white-text\" style=\"font-size: 24px;\">Zadr\u017een\u00ed vody v krajin\u011b <\/span><span class=\"white-text\" style=\"font-size: 24px;\">(t\u016fn\u011b, rybn\u00edky, vodn\u00ed toky)<\/span><\/p>\n[\/vc_column_text][vc_column_text css=&#8220;.vc_custom_1592205831115{padding-top: 20px !important;padding-bottom: 20px !important;}&#8220; line_height=&#8220;5px&#8220;]\n<p style=\"text-align: center;\"><strong>Revitalizace vodn\u00edch n\u00e1dr\u017e\u00ed, rybn\u00edk\u016f <\/strong><\/p>\n<p style=\"text-align: center;\"><strong>a vodn\u00edch tok\u016f, budov\u00e1n\u00ed t\u016fn\u00ed<\/strong><\/p>\n<p>&nbsp;<\/p>\n<p style=\"text-align: center;\">Dotace pro vodn\u00ed n\u00e1dr\u017ee a rybn\u00edky a\u017e 85 %<\/p>\n<p style=\"text-align: center;\">Dotace pro vodn\u00ed toky a t\u016fn\u011b a\u017e 100 %<\/p>\n[\/vc_column_text][\/vc_column][vc_column 0=&#8220;&#8220;][vc_row_inner 0=&#8220;&#8220;][vc_column_inner 0=&#8220;&#8220;][\/vc_column_inner][\/vc_row_inner][\/vc_column][\/vc_row][vc_row full_width=&#8220;stretch_row&#8220; wpex_bg_overlay=&#8220;dark&#8220; css=&#8220;.vc_custom_1539608574918{padding-top: 120px !important;padding-bottom: 80px !important;background: #333333 url(http:\/\/www.keepwater.cz\/wp-content\/uploads\/2016\/07\/obr-2a.jpg?id=97) !important;background-position: center !important;background-repeat: no-repeat !important;background-size: cover !important;}&#8220; wpex_bg_overlay_opacity=&#8220;0.35&#8243;][vc_column width=&#8220;1\/2&#8243;]<h2 class=\"vcex-module vcex-heading vcex-heading-plain\" style=\"color:#ffffff;font-size:26px;font-weight:700;\"><span class=\"vcex-heading-inner clr\">S realizac\u00ed budete m\u00edt minimum starost\u00ed<\/span><\/h2><div class=\"vcex-module vcex-divider-dots clr textleft\" style=\"padding-bottom:15px;\"><span style=\"background:#ffffff;\"><\/span><span style=\"background:#ffffff;\"><\/span><span style=\"background:#ffffff;\"><\/span><\/div>[vc_column_text color=&#8220;#ffffff&#8220;]<span style=\"font-weight: 400;\">Ke ka\u017ed\u00e9mu projektu p\u0159istupujeme individu\u00e1ln\u011b. Na\u0161\u00ed pr\u00e1ci perfektn\u011b rozum\u00edme a pro na\u0161e syst\u00e9my pou\u017e\u00edv\u00e1me pouze technologicky vysp\u011bl\u00e9 komponenty. Realizujeme projekty na kl\u00ed\u010d, od n\u00e1vrhu a p\u0159\u00edpravy projektov\u00e9 dokumentace p\u0159es zaji\u0161t\u011bn\u00ed dotac\u00ed a administrace \u017e\u00e1dost\u00ed po kompletn\u00ed realizace.\u00a0<\/span><\/p>\n<p><a href=\"http:\/\/www.keepwater.cz\/index.php\/services\/\">v\u00edce o slu\u017eb\u00e1ch<\/a>[\/vc_column_text]<a href=\"http:\/\/www.keepwater.cz\/index.php\/contact\/\" title=\"Nez\u00e1vazn\u00e1 nab\u00eddka\" class=\"vcex-button theme-button animate-on-hover\" data=\" \"><span class=\"theme-button-inner\">Nez\u00e1vazn\u00e1 nab\u00eddka<\/span><\/a> [\/vc_column][vc_column width=&#8220;1\/2&#8243;][\/vc_column][\/vc_row][vc_row css=&#8220;.vc_custom_1491182602326{padding-top: 60px !important;}&#8220;][vc_column 0=&#8220;&#8220;]<div class=\"vcex-module vcex-icon clr vcex-icon-normal vcex-icon-float-center custom-size remove-dimensions\"><div class=\"vcex-icon-wrap\" style=\"font-size:100px;color:#6da716;\"><span class=\"fa fa-wpforms\"><\/span><\/div><\/div><h2 class=\"vcex-module vcex-heading vcex-heading-plain\" style=\"color:#0f6dbf;font-size:28px;font-weight:700;text-align:center;\"><span class=\"vcex-heading-inner clr\">R\u00e1di v\u00e1m porad\u00edme a p\u0159iprav\u00edme nez\u00e1vaznou nab\u00eddku<\/span><\/h2>[\/vc_column][\/vc_row][vc_row full_width=&#8220;stretch_row&#8220; css=&#8220;.vc_custom_1539673518294{padding-top: 120px !important;padding-bottom: 80px !important;background-color: #136ebf !important;}&#8220;][vc_column width=&#8220;1\/2&#8243;]<h2 class=\"vcex-module vcex-heading vcex-heading-plain\" style=\"color:#ffffff;font-size:26px;font-weight:700;\"><span class=\"vcex-heading-inner clr\"><span class=\"vcex-icon-wrap vcex-icon-position-left\" style=\"color:#ffffff;\"><span class=\"fa fa-paper-plane-o\"><\/span><\/span>Kontaktujte n\u00e1s<\/span><\/h2><div class=\"vcex-spacing\" style=\"height:15px\"><\/div>[vc_column_text color=&#8220;#ffffff&#8220;]Napi\u0161te n\u00e1m, jak chcete de\u0161\u0165ovou vodu vyu\u017e\u00edvat. Do druh\u00e9ho dne se V\u00e1m ozveme zp\u011bt. A pokud se V\u00e1m nechce \u010dekat, zavolejte n\u00e1m hned.[\/vc_column_text]<div class=\"vcex-spacing\" style=\"height:30px\"><\/div><div style=\"font-size:30px;color:#ffffff;\" class=\"vcex-module vcex-list_item\"><div class=\"vcex-icon-wrap\" style=\"color:#ffffff;\"><span class=\"fa fa-phone\"><\/span><\/div>604 553 021<\/div><div class=\"vcex-spacing\" style=\"height:10px\"><\/div><div style=\"font-size:20px;color:#ffffff;\" class=\"vcex-module vcex-list_item\"><div class=\"vcex-icon-wrap\" style=\"color:#ffffff;\"><span class=\"fa fa-envelope\"><\/span><\/div>info@keepwater.cz<\/div><div class=\"vcex-spacing\" style=\"height:10px\"><\/div>[\/vc_column][vc_column width=&#8220;1\/2&#8243;]<div class=\"vcex-module vcex-form-shortcode wpex-form light-form full-width-input vc_custom_1539673528539\">\n<div class=\"wpcf7 no-js\" id=\"wpcf7-f27-o1\" lang=\"en-US\" dir=\"ltr\">\n<div class=\"screen-reader-response\"><p role=\"status\" aria-live=\"polite\" aria-atomic=\"true\"><\/p> <ul><\/ul><\/div>\n<form action=\"\/index.php\/wp-json\/wp\/v2\/pages\/2#wpcf7-f27-o1\" method=\"post\" class=\"wpcf7-form init\" aria-label=\"Contact form\" novalidate=\"novalidate\" data-status=\"init\">\n<div style=\"display: none;\">\n<input type=\"hidden\" name=\"_wpcf7\" value=\"27\" \/>\n<input type=\"hidden\" name=\"_wpcf7_version\" value=\"5.7.7\" \/>\n<input type=\"hidden\" name=\"_wpcf7_locale\" value=\"en_US\" \/>\n<input type=\"hidden\" name=\"_wpcf7_unit_tag\" value=\"wpcf7-f27-o1\" \/>\n<input type=\"hidden\" name=\"_wpcf7_container_post\" value=\"0\" \/>\n<input type=\"hidden\" name=\"_wpcf7_posted_data_hash\" value=\"\" \/>\n<\/div>\n<p><span class=\"wpcf7-form-control-wrap\" data-name=\"your-name\"><input size=\"40\" class=\"wpcf7-form-control wpcf7-text wpcf7-validates-as-required\" aria-required=\"true\" aria-invalid=\"false\" value=\"Va\u0161e jm\u00e9no\" type=\"text\" name=\"your-name\" \/><\/span>\n<\/p>\n<p><span class=\"wpcf7-form-control-wrap\" data-name=\"your-email\"><input size=\"40\" class=\"wpcf7-form-control wpcf7-text wpcf7-email wpcf7-validates-as-required wpcf7-validates-as-email\" aria-required=\"true\" aria-invalid=\"false\" value=\"V\u00e1\u0161 email\" type=\"email\" name=\"your-email\" \/><\/span>\n<\/p>\n<p><span class=\"wpcf7-form-control-wrap\" data-name=\"your-message\"><textarea cols=\"40\" rows=\"10\" class=\"wpcf7-form-control wpcf7-textarea\" aria-invalid=\"false\" name=\"your-message\">Va\u0161e zpr\u00e1va...<\/textarea><\/span>\n<\/p>\n<div id=\"cf7sr-69ecc1bc72c2a\" class=\"cf7sr-g-recaptcha\" data-sitekey=\"6LeMbx8UAAAAAH1x-F1-5-efYlQs-hPHvqlBM5zg\"><\/div><span class=\"wpcf7-form-control-wrap cf7sr-recaptcha\" data-name=\"cf7sr-recaptcha\"><input type=\"hidden\" name=\"cf7sr-recaptcha\" value=\"\" class=\"wpcf7-form-control\"><\/span>\n<\/p>\n<p><input class=\"wpcf7-form-control has-spinner wpcf7-submit\" type=\"submit\" value=\"Poslat zpr\u00e1vu\" \/>\n<\/p><p style=\"display: none !important;\"><label>&#916;<textarea name=\"_wpcf7_ak_hp_textarea\" cols=\"45\" rows=\"8\" maxlength=\"100\"><\/textarea><\/label><input type=\"hidden\" id=\"ak_js_1\" name=\"_wpcf7_ak_js\" value=\"226\"\/><script>document.getElementById( \"ak_js_1\" ).setAttribute( \"value\", ( new Date() ).getTime() );<\/script><\/p><div class=\"wpcf7-response-output\" aria-hidden=\"true\"><\/div>\n<\/form>\n<\/div>\n<\/div>[\/vc_column][\/vc_row][vc_row][vc_column][\/vc_column][\/vc_row]\n","protected":false},"excerpt":{"rendered":"<p>[vc_row full_width=&#8220;stretch_row_content&#8220; column_spacing=&#8220;40&#8243; full_height=&#8220;yes&#8220; columns_placement=&#8220;top&#8220; wpex_bg_overlay=&#8220;dark&#8220; css=&#8220;.vc_custom_1539612085599{padding-top: 100px !important;padding-bottom: 90px !important;background: #275304 url(http:\/\/www.keepwater.cz\/wp-content\/uploads\/2016\/07\/obr-1.jpg?id=86) !important;background-position: center !important;background-repeat: no-repeat !important;background-size: cover !important;}&#8220; wpex_bg_overlay_color=&#8220;rgba(58,58,58,0.65)&#8220;][vc_column 0=&#8220;&#8220;][vc_column_text color=&#8220;#ffffff&#8220; font_size=&#8220;20&#8243;] Je to snadn\u00e9! Zrealizujte s n\u00e1mi n\u011bkter\u00fd ze syst\u00e9m\u016f na vyu\u017eit\u00ed de\u0161\u0165ov\u00e9 vody. [\/vc_column_text][\/vc_column][\/vc_row][vc_row full_width=&#8220;stretch_row&#8220; visibility=&#8220;visible-desktop&#8220;&hellip;<\/p>\n","protected":false},"author":1,"featured_media":0,"parent":0,"menu_order":0,"comment_status":"closed","ping_status":"closed","template":"","meta":[],"_links":{"self":[{"href":"https:\/\/www.keepwater.cz\/index.php\/wp-json\/wp\/v2\/pages\/2"}],"collection":[{"href":"https:\/\/www.keepwater.cz\/index.php\/wp-json\/wp\/v2\/pages"}],"about":[{"href":"https:\/\/www.keepwater.cz\/index.php\/wp-json\/wp\/v2\/types\/page"}],"author":[{"embeddable":true,"href":"https:\/\/www.keepwater.cz\/index.php\/wp-json\/wp\/v2\/users\/1"}],"replies":[{"embeddable":true,"href":"https:\/\/www.keepwater.cz\/index.php\/wp-json\/wp\/v2\/comments?post=2"}],"version-history":[{"count":55,"href":"https:\/\/www.keepwater.cz\/index.php\/wp-json\/wp\/v2\/pages\/2\/revisions"}],"predecessor-version":[{"id":271,"href":"https:\/\/www.keepwater.cz\/index.php\/wp-json\/wp\/v2\/pages\/2\/revisions\/271"}],"wp:attachment":[{"href":"https:\/\/www.keepwater.cz\/index.php\/wp-json\/wp\/v2\/media?parent=2"}],"curies":[{"name":"wp","href":"https:\/\/api.w.org\/{rel}","templated":true}]}}