{"id":30,"date":"2016-07-19T21:27:08","date_gmt":"2016-07-19T21:27:08","guid":{"rendered":"http:\/\/totaltheme.wpengine.com\/landscaping\/?page_id=30"},"modified":"2020-06-15T08:45:36","modified_gmt":"2020-06-15T08:45:36","slug":"about","status":"publish","type":"page","link":"https:\/\/www.keepwater.cz\/index.php\/about\/","title":{"rendered":"O n\u00e1s"},"content":{"rendered":"[vc_row 0=&#8220;&#8220;][vc_column width=&#8220;1\/2&#8243;][vc_column_text 0=&#8220;&#8220;]\n<h3><b>Dostupnost<\/b><\/h3>\n<p>Jsme spole\u010dnost s p\u016fsobnost\u00ed po cel\u00e9 \u010cesk\u00e9 republice. Zajist\u00edme vlastn\u00ed dopravu techniky a ve\u0161ker\u00e9ho p\u0159\u00edslu\u0161enstv\u00ed.[\/vc_column_text][vc_column_text 0=&#8220;&#8220;]\n<h3><\/h3>\n<h3><b>S vodou to um\u00edme<\/b><\/h3>\n<p>Poskytujeme komplexn\u00ed slu\u017eby v oblasti zadr\u017eov\u00e1n\u00ed a vyu\u017eit\u00ed de\u0161\u0165ov\u00e9 vody a \u0161ed\u00fdch odpadn\u00edch vod.\u00a0V\u011b\u0159\u00edme, \u017ee efektivn\u00ed vyu\u017e\u00edv\u00e1n\u00ed de\u0161\u0165ov\u00e9 vody je nejen chytr\u00e9, ale pro na\u0161\u00ed budoucnost i nezbytn\u00e9.\u00a0Z\u00e1rove\u0148 v\u0161ak v\u00edme, \u017ee navrhnout a realizovat efektivn\u00ed syst\u00e9m, kter\u00fd V\u00e1m bude dob\u0159e slou\u017eit, si vy\u017eaduje i odbornost a zku\u0161enosti p\u0159i jeho realizaci, kter\u00e9 V\u00e1m r\u00e1di poskytneme.[\/vc_column_text][\/vc_column][vc_column width=&#8220;1\/2&#8243;][vc_column_text 0=&#8220;&#8220;]\n<h3><b>Individu\u00e1ln\u00ed p\u0159\u00edstup<\/b><\/h3>\n<p>Ke ka\u017ed\u00e9mu projektu p\u0159istupujeme individu\u00e1ln\u011b. V\u017edy V\u00e1m doporu\u010d\u00edme nejvhodn\u011bj\u0161\u00ed \u0159e\u0161en\u00ed podle Va\u0161ich po\u017eadavk\u016f, mo\u017enost\u00ed a charakteru stavby a pozemku.[\/vc_column_text][vc_column_text 0=&#8220;&#8220;]\n<h3><b>Odbornost<\/b><\/h3>\n<p>M\u00e1me zku\u0161enosti a na\u0161e pr\u00e1ce n\u00e1s bav\u00ed. Sna\u017e\u00edme se proto neust\u00e1le zlep\u0161ovat a p\u0159in\u00e1\u0161et nov\u00e9 postupy a technologie, abychom na\u0161\u00ed pr\u00e1ci mohli d\u011blat co nejl\u00e9pe.[\/vc_column_text][\/vc_column][\/vc_row][vc_row 0=&#8220;&#8220;][vc_column width=&#8220;1\/2&#8243;][vc_column_text 0=&#8220;&#8220;]\n<h3><b>Modern\u00ed technologie<\/b><\/h3>\n<p>Pro na\u0161e syst\u00e9my pou\u017e\u00edv\u00e1me pouze kvalitn\u00ed a technologicky vysp\u011bl\u00e9 komponenty.<br \/>\nProto pou\u017e\u00edv\u00e1me samonosn\u00e9 n\u00e1dr\u017ee vyr\u00e1b\u011bn\u00e9 technologi\u00ed rotomoulding s 25letou z\u00e1rukou, nebo ponorn\u00e9 automatick\u00e9 vod\u00e1rny vhodn\u00e9 pro d\u016fm i zahradu.[\/vc_column_text][\/vc_column][vc_column width=&#8220;1\/2&#8243;][vc_column_text 0=&#8220;&#8220;]\n<h3><b>Jsme sehran\u00fd t\u00fdm<\/b><\/h3>\n<p>Na ka\u017edou specializaci m\u00e1me sv\u00e9ho odborn\u00edka. Projektant, bagrista, instalat\u00e9r, elektrik\u00e1\u0159, obchodn\u00ed z\u00e1stupce, specialista na dotace, \u0159idi\u010d, projektov\u00fd dozor, n\u00e1kup\u010d\u00ed, \u00fa\u010detn\u00ed, zedn\u00edk, zahradnice, ale i provozn\u00ed \u0159editel a jednatel jsou \u010dlenov\u00e9 na\u0161eho t\u00fdmu, kter\u00fd \u0161lape jako hodinky.[\/vc_column_text][\/vc_column][\/vc_row]\n","protected":false},"excerpt":{"rendered":"<p>[vc_row 0=&#8220;&#8220;][vc_column width=&#8220;1\/2&#8243;][vc_column_text 0=&#8220;&#8220;] Dostupnost Jsme spole\u010dnost s p\u016fsobnost\u00ed po cel\u00e9 \u010cesk\u00e9 republice. Zajist\u00edme vlastn\u00ed dopravu techniky a ve\u0161ker\u00e9ho p\u0159\u00edslu\u0161enstv\u00ed.[\/vc_column_text][vc_column_text 0=&#8220;&#8220;] S vodou to um\u00edme Poskytujeme komplexn\u00ed slu\u017eby v oblasti zadr\u017eov\u00e1n\u00ed a vyu\u017eit\u00ed de\u0161\u0165ov\u00e9 vody a \u0161ed\u00fdch odpadn\u00edch vod.\u00a0V\u011b\u0159\u00edme, \u017ee&hellip;<\/p>\n","protected":false},"author":1,"featured_media":0,"parent":0,"menu_order":0,"comment_status":"closed","ping_status":"closed","template":"","meta":[],"_links":{"self":[{"href":"https:\/\/www.keepwater.cz\/index.php\/wp-json\/wp\/v2\/pages\/30"}],"collection":[{"href":"https:\/\/www.keepwater.cz\/index.php\/wp-json\/wp\/v2\/pages"}],"about":[{"href":"https:\/\/www.keepwater.cz\/index.php\/wp-json\/wp\/v2\/types\/page"}],"author":[{"embeddable":true,"href":"https:\/\/www.keepwater.cz\/index.php\/wp-json\/wp\/v2\/users\/1"}],"replies":[{"embeddable":true,"href":"https:\/\/www.keepwater.cz\/index.php\/wp-json\/wp\/v2\/comments?post=30"}],"version-history":[{"count":6,"href":"https:\/\/www.keepwater.cz\/index.php\/wp-json\/wp\/v2\/pages\/30\/revisions"}],"predecessor-version":[{"id":268,"href":"https:\/\/www.keepwater.cz\/index.php\/wp-json\/wp\/v2\/pages\/30\/revisions\/268"}],"wp:attachment":[{"href":"https:\/\/www.keepwater.cz\/index.php\/wp-json\/wp\/v2\/media?parent=30"}],"curies":[{"name":"wp","href":"https:\/\/api.w.org\/{rel}","templated":true}]}}