{"id":32,"date":"2016-07-19T21:27:04","date_gmt":"2016-07-19T21:27:04","guid":{"rendered":"http:\/\/totaltheme.wpengine.com\/landscaping\/?page_id=32"},"modified":"2020-06-15T08:39:46","modified_gmt":"2020-06-15T08:39:46","slug":"testimonials","status":"publish","type":"page","link":"https:\/\/www.keepwater.cz\/index.php\/testimonials\/","title":{"rendered":"Dotace de\u0161\u0165ovka"},"content":{"rendered":"[vc_row css=&#8220;.vc_custom_1470933642806{margin-bottom: 40px !important;}&#8220;][vc_column][vc_cta h2=&#8220;Po\u017e\u00e1dat o dotaci se V\u00e1m vyplat\u00ed&#8220; h2_font_container=&#8220;font_size:24px|color:%230066bf|line_height:2em&#8220; h2_use_theme_fonts=&#8220;yes&#8220; txt_align=&#8220;center&#8220; style=&#8220;outline&#8220; add_button=&#8220;bottom&#8220; btn_title=&#8220;Po\u017e\u00e1dat o dotaci&#8220; btn_style=&#8220;flat&#8220; btn_color=&#8220;green&#8220; btn_align=&#8220;center&#8220; use_custom_fonts_h2=&#8220;true&#8220; btn_custom_onclick=&#8220;true&#8220; btn_link=&#8220;url:http%3A%2F%2Fwww.keepwater.cz%2Findex.php%2Fcontact%2F|title:kontakt||&#8220;]\n<p style=\"text-align: center;\"><span style=\"font-weight: 400;\">Ka\u017ed\u00fd, kdo se rozhodne hospoda\u0159it s de\u0161\u0165ovou vodou, m\u016f\u017ee \u017e\u00e1dat o dotace z programu de\u0161\u0165ovka. \u017d\u00e1dat mohou stavebn\u00edci nov\u00fdch dom\u016f, vlastn\u00edci st\u00e1vaj\u00edc\u00edch nemovitost\u00ed i obce, spolky a jin\u00e9 ve\u0159ejn\u00e9 subjekty. <\/span><\/p>\n<p style=\"text-align: center;\"><strong>Sta\u010d\u00ed, kdy\u017e n\u00e1m zavol\u00e1te, pom\u016f\u017eeme v\u00e1m vybrat vhodn\u00fd dota\u010dn\u00ed program a p\u0159ipravit spr\u00e1vn\u00e9 \u0159e\u0161en\u00ed.<\/strong><\/p>\n[\/vc_cta][vc_column_text]\n<p style=\"text-align: center;\"><span style=\"font-size: 24px;\"><strong>Dotace pro ob\u010dany<\/strong><\/span><\/p>\n[\/vc_column_text][\/vc_column][\/vc_row][vc_row][vc_column width=&#8220;1\/3&#8243; css=&#8220;.vc_custom_1539610738274{border-radius: 10px !important;}&#8220;]<h4 class=\"vcex-module vcex-heading vcex-heading-plain\" style=\"font-size:18px;\"><span class=\"vcex-heading-inner clr\"><span class=\"vcex-icon-wrap vcex-icon-position-left\"><span class=\"fa fa-cloud\"><\/span><\/span>Akumulace sr\u00e1\u017ekov\u00e9 vody pro z\u00e1livku<br \/>\nDotace a\u017e 55 000 K\u010d<br \/><\/span><\/h4>[vc_single_image image=&#8220;159&#8243;]<div class=\"vcex-spacing\" style=\"height:30px\"><\/div>[vc_column_text]<span style=\"font-weight: 400;\">Dotace a\u017e 20 000 K\u010d + 3 500 K\u010d\/m3 n\u00e1dr\u017ee.<\/span><\/p>\n<p><span style=\"font-weight: 400;\">Maxim\u00e1ln\u00ed dotace je 55 000 K\u010d, nebo 50 % z celkov\u00fdch zp\u016fsobil\u00fdch v\u00fddaj\u016f.<\/span><\/p>\n<p><span style=\"font-weight: 400;\">Pro st\u00e1vaj\u00edc\u00ed domy v cel\u00e9 \u010cR a chaty s trval\u00fdm pobytem.<\/span><\/p>\n<p><span style=\"font-weight: 400;\">Nen\u00ed ur\u010deno pro novostavby.<\/span>[\/vc_column_text]<div class=\"vcex-spacing\" style=\"height:30px\"><\/div><a href=\"http:\/\/www.keepwater.cz\/index.php\/contact\/\" title=\"M\u00e1m z\u00e1jem o dotaci\" class=\"vcex-button theme-button animate-on-hover\" data=\" \"><span class=\"theme-button-inner\">M\u00e1m z\u00e1jem o dotaci<\/span><\/a> [\/vc_column][vc_column width=&#8220;1\/3&#8243;]<h4 class=\"vcex-module vcex-heading vcex-heading-plain\" style=\"font-size:18px;\"><span class=\"vcex-heading-inner clr\"><span class=\"vcex-icon-wrap vcex-icon-position-left\"><span class=\"fa fa-cloud\"><\/span><\/span>Akumulace sr\u00e1\u017ekov\u00e9 vody pro splachov\u00e1n\u00ed WC a z\u00e1livku zahrady<br \/>\nDotace a\u017e 65 000 K\u010d<\/span><\/h4><div class=\"vcex-spacing\" style=\"height:30px\"><\/div>[vc_single_image image=&#8220;160&#8243;][vc_column_text]<span style=\"font-weight: 400;\">Dotace a\u017e 30 000 K\u010d + 3 500 K\u010d\/m3 n\u00e1dr\u017ee.<\/span><\/p>\n<p><span style=\"font-weight: 400;\">Maxim\u00e1ln\u00ed dotace je 65 000 K\u010d nebo 50 % z celkov\u00fdch zp\u016fsobil\u00fdch v\u00fddaj\u016f.<\/span><span style=\"font-weight: 400;\"><br \/>\n<\/span><span style=\"font-weight: 400;\">Pro st\u00e1vaj\u00edc\u00ed domy i novostavby v cel\u00e9 \u010cR.<\/span>[\/vc_column_text]<div class=\"vcex-spacing\" style=\"height:30px\"><\/div><a href=\"http:\/\/www.keepwater.cz\/index.php\/contact\/\" title=\"M\u00e1m z\u00e1jem o dotaci\" class=\"vcex-button theme-button animate-on-hover\" data=\" \"><span class=\"theme-button-inner\">M\u00e1m z\u00e1jem o dotaci<\/span><\/a> [\/vc_column][vc_column width=&#8220;1\/3&#8243;]<h4 class=\"vcex-module vcex-heading vcex-heading-plain\" style=\"font-size:18px;\"><span class=\"vcex-heading-inner clr\"><span class=\"vcex-icon-wrap vcex-icon-position-left\"><span class=\"fa fa-cloud\"><\/span><\/span>Vyu\u017eit\u00ed p\u0159e\u010di\u0161t\u011bn\u00e9 odpadn\u00ed vody s mo\u017en\u00fdm vyu\u017eit\u00edm sr\u00e1\u017ekov\u00e9 vody<br \/>\nDotace a\u017e 105 000 K\u010d<\/span><\/h4><div class=\"vcex-spacing\" style=\"height:30px\"><\/div>[vc_single_image image=&#8220;161&#8243;][vc_column_text]<span style=\"font-weight: 400;\">Dotace a\u017e 60 000 K\u010d p\u0159i vyu\u017eit\u00ed \u0161ed\u00e9 odpadn\u00ed vody v kombinaci s vyu\u017eit\u00edm sr\u00e1\u017ekov\u00e9 vody, nebo dotace a\u017e 45 000 K\u010d bez kombinace s vyu\u017eit\u00edm sr\u00e1\u017ekov\u00e9 vody.<\/span><\/p>\n<p><span style=\"font-weight: 400;\">+ 3 500 K\u010d\/m3 n\u00e1dr\u017ee<\/span><\/p>\n<p><span style=\"font-weight: 400;\">+ 10 000 K\u010d na projektovou p\u0159\u00edpravu<\/span><\/p>\n<p><span style=\"font-weight: 400;\">Maxim\u00e1ln\u00ed dotace je 105 000 K\u010d, nebo 50 % z celkov\u00fdch zp\u016fsobil\u00fdch v\u00fddaj\u016f.<\/span><\/p>\n<p><span style=\"font-weight: 400;\">Pro st\u00e1vaj\u00edc\u00ed domy i novostavby v cel\u00e9 \u010cR.<\/span>[\/vc_column_text]<div class=\"vcex-spacing\" style=\"height:30px\"><\/div><a href=\"http:\/\/www.keepwater.cz\/index.php\/contact\/\" title=\"M\u00e1m z\u00e1jem o dotaci\" class=\"vcex-button theme-button animate-on-hover\" data=\" \"><span class=\"theme-button-inner\">M\u00e1m z\u00e1jem o dotaci<\/span><\/a> [\/vc_column][\/vc_row][vc_row][vc_column][vc_column_text]\n<h3 style=\"text-align: left;\"><b>Jak z\u00edskat dotaci<\/b><\/h3>\n<p style=\"text-align: left;\"><span style=\"font-weight: 400;\">Sta\u010d\u00ed kdy\u017e n\u00e1s kontaktujete a nap\u00ed\u0161ete, o kterou dotaci m\u00e1te z\u00e1jem. O zbytek se postar\u00e1me my.<\/span><\/p>\n[\/vc_column_text][\/vc_column][\/vc_row][vc_row][vc_column][vc_column_text]\n<h4><b>Dotaci vy\u0159\u00edd\u00edme za v\u00e1s<\/b><\/h4>\n<ul>\n<li style=\"font-weight: 400;\"><span style=\"font-weight: 400;\">Kontaktujeme V\u00e1s ohledn\u011b z\u00edsk\u00e1n\u00ed detailn\u00edch informac\u00ed nezbytn\u00fdch pro p\u0159\u00edpravu \u017e\u00e1dosti.<\/span><\/li>\n<li style=\"font-weight: 400;\"><span style=\"font-weight: 400;\">Doporu\u010d\u00edme pro V\u00e1s nejvhodn\u011bj\u0161\u00ed technologick\u00e9 \u0159e\u0161en\u00ed<\/span><\/li>\n<li style=\"font-weight: 400;\"><span style=\"font-weight: 400;\">Zpracujeme odborn\u00fd posudek<\/span><\/li>\n<li style=\"font-weight: 400;\"><span style=\"font-weight: 400;\">Zajist\u00edme akceptaci(schv\u00e1len\u00ed) \u017e\u00e1dosti<\/span><\/li>\n<li style=\"font-weight: 400;\"><span style=\"font-weight: 400;\">Projekt zrealizujeme, nebo V\u00e1m porad\u00edme s realizac\u00ed<\/span><\/li>\n<li style=\"font-weight: 400;\"><span style=\"font-weight: 400;\">Po ukon\u010den\u00ed realizace se postar\u00e1me o vyplacen\u00ed dotace na V\u00e1\u0161 \u00fa\u010det<\/span><\/li>\n<\/ul>\n[\/vc_column_text][\/vc_column][\/vc_row][vc_row][vc_column][vc_column_text]\n<h2><b>Ceny za na\u0161e slu\u017eby<\/b><\/h2>\n<h4><b>Akumulace de\u0161\u0165ovky na z\u00e1livku<\/b><\/h4>\n<p><span style=\"font-weight: 400;\">Vypracov\u00e1n\u00ed odborn\u00e9ho posudku &#8211; 5 000 K\u010d<\/span><\/p>\n<p><span style=\"font-weight: 400;\">Administrace \u017e\u00e1dosti o dotaci, zaji\u0161t\u011bn\u00ed akceptace. Administrace \u017e\u00e1dosti o platbu, zaji\u0161t\u011bn\u00ed vyplacen\u00ed dotace &#8211; 4 000 K\u010d<\/span><\/p>\n<h4><b>Akumulace de\u0161\u0165ovky pro splachov\u00e1n\u00ed WC a z\u00e1livku zahrady<\/b><\/h4>\n<p><span style=\"font-weight: 400;\">Vypracov\u00e1n\u00ed odborn\u00e9ho posudku &#8211; 6 000 K\u010d<\/span><\/p>\n<p>Administrace \u017e\u00e1dosti o dotaci, zaji\u0161t\u011bn\u00ed akceptace. Administrace \u017e\u00e1dosti o platbu, zaji\u0161t\u011bn\u00ed vyplacen\u00ed dotace &#8211; 4 000 K<\/p>\n<h4><b>Vyu\u017eit\u00ed p\u0159e\u010di\u0161t\u011bn\u00e9 odpadn\u00ed vody s mo\u017en\u00fdm vyu\u017eit\u00edm sr\u00e1\u017ekov\u00e9 vody<\/b><\/h4>\n<p><span style=\"font-weight: 400;\">Vypracov\u00e1n\u00ed odborn\u00e9ho posudku &#8211; 20 000 K\u010d<\/span><\/p>\n<p><span style=\"font-weight: 400;\">Administrace \u017e\u00e1dosti o dotaci, zaji\u0161t\u011bn\u00ed akceptace.\u00a0Administrace \u017e\u00e1dosti o platbu, zaji\u0161t\u011bn\u00ed vyplacen\u00ed dotace &#8211; 4 000 K<\/span>[\/vc_column_text][\/vc_column][\/vc_row][vc_row][vc_column]<div class=\"vcex-spacing\" style=\"height:50px\"><\/div>[vc_column_text]\n<p style=\"text-align: center;\"><span style=\"font-size: 24px;\"><strong>Dotace pro ve\u0159ejn\u00e9 subjekty<\/strong><\/span><\/p>\n[\/vc_column_text][\/vc_column][\/vc_row][vc_row][vc_column][vc_column_text]\n<h3 style=\"text-align: left;\"><b>Jak z\u00edskat dotaci<\/b><\/h3>\n<p style=\"text-align: left;\"><span style=\"font-weight: 400;\">Sta\u010d\u00ed kdy\u017e n\u00e1s kontaktujete a nap\u00ed\u0161ete, o kterou dotaci m\u00e1te z\u00e1jem. O zbytek se postar\u00e1me my.<\/span><\/p>\n[\/vc_column_text][vc_column_text]\n<h4><b>Dotaci vy\u0159\u00edd\u00edme za v\u00e1s<\/b><\/h4>\n<ul>\n<li style=\"font-weight: 400;\"><span style=\"font-weight: 400;\">Kontaktujeme V\u00e1s ohledn\u011b z\u00edsk\u00e1n\u00ed detailn\u00edch informac\u00ed nezbytn\u00fdch pro p\u0159\u00edpravu \u017e\u00e1dosti.<\/span><\/li>\n<li style=\"font-weight: 400;\"><span style=\"font-weight: 400;\">Doporu\u010d\u00edme pro V\u00e1s nejvhodn\u011bj\u0161\u00ed technologick\u00e9 \u0159e\u0161en\u00ed<\/span><\/li>\n<li style=\"font-weight: 400;\">Zajist\u00edme projektovou dokumentaci<\/li>\n<li style=\"font-weight: 400;\"><span style=\"font-weight: 400;\">P\u0159iprav\u00edme \u017e\u00e1dost o dotaci a zajist\u00edme jej\u00ed pod\u00e1n\u00ed a schv\u00e1len\u00ed<\/span><\/li>\n<li style=\"font-weight: 400;\"><span style=\"font-weight: 400;\">Zajist\u00edme kompletn\u00ed administraci dotace v pr\u016fb\u011bhu realizace<\/span><\/li>\n<li style=\"font-weight: 400;\"><span style=\"font-weight: 400;\">Po ukon\u010den\u00ed realizace se postar\u00e1me o vyplacen\u00ed dotace na V\u00e1\u0161 \u00fa\u010det<\/span><\/li>\n<\/ul>\n[\/vc_column_text][\/vc_column][\/vc_row][vc_row][vc_column]<div class=\"vcex-spacing\" style=\"height:30px\"><\/div><a href=\"http:\/\/www.keepwater.cz\/index.php\/contact\/\" title=\"M\u00e1m z\u00e1jem o dotaci\" class=\"vcex-button theme-button animate-on-hover\" data=\" \"><span class=\"theme-button-inner\">M\u00e1m z\u00e1jem o dotaci<\/span><\/a> [\/vc_column][\/vc_row]\n","protected":false},"excerpt":{"rendered":"<p>[vc_row css=&#8220;.vc_custom_1470933642806{margin-bottom: 40px !important;}&#8220;][vc_column][vc_cta h2=&#8220;Po\u017e\u00e1dat o dotaci se V\u00e1m vyplat\u00ed&#8220; h2_font_container=&#8220;font_size:24px|color:%230066bf|line_height:2em&#8220; h2_use_theme_fonts=&#8220;yes&#8220; txt_align=&#8220;center&#8220; style=&#8220;outline&#8220; add_button=&#8220;bottom&#8220; btn_title=&#8220;Po\u017e\u00e1dat o dotaci&#8220; btn_style=&#8220;flat&#8220; btn_color=&#8220;green&#8220; btn_align=&#8220;center&#8220; use_custom_fonts_h2=&#8220;true&#8220; btn_custom_onclick=&#8220;true&#8220; btn_link=&#8220;url:http%3A%2F%2Fwww.keepwater.cz%2Findex.php%2Fcontact%2F|title:kontakt||&#8220;] Ka\u017ed\u00fd, kdo se rozhodne hospoda\u0159it s de\u0161\u0165ovou vodou, m\u016f\u017ee \u017e\u00e1dat o dotace z programu de\u0161\u0165ovka. \u017d\u00e1dat&hellip;<\/p>\n","protected":false},"author":1,"featured_media":0,"parent":0,"menu_order":0,"comment_status":"closed","ping_status":"closed","template":"","meta":[],"_links":{"self":[{"href":"https:\/\/www.keepwater.cz\/index.php\/wp-json\/wp\/v2\/pages\/32"}],"collection":[{"href":"https:\/\/www.keepwater.cz\/index.php\/wp-json\/wp\/v2\/pages"}],"about":[{"href":"https:\/\/www.keepwater.cz\/index.php\/wp-json\/wp\/v2\/types\/page"}],"author":[{"embeddable":true,"href":"https:\/\/www.keepwater.cz\/index.php\/wp-json\/wp\/v2\/users\/1"}],"replies":[{"embeddable":true,"href":"https:\/\/www.keepwater.cz\/index.php\/wp-json\/wp\/v2\/comments?post=32"}],"version-history":[{"count":27,"href":"https:\/\/www.keepwater.cz\/index.php\/wp-json\/wp\/v2\/pages\/32\/revisions"}],"predecessor-version":[{"id":267,"href":"https:\/\/www.keepwater.cz\/index.php\/wp-json\/wp\/v2\/pages\/32\/revisions\/267"}],"wp:attachment":[{"href":"https:\/\/www.keepwater.cz\/index.php\/wp-json\/wp\/v2\/media?parent=32"}],"curies":[{"name":"wp","href":"https:\/\/api.w.org\/{rel}","templated":true}]}}